{"id":11,"date":"2020-07-05T14:39:16","date_gmt":"2020-07-05T14:39:16","guid":{"rendered":"http:\/\/wohnanlage-eichtalpark.de\/?page_id=11"},"modified":"2020-07-05T14:39:16","modified_gmt":"2020-07-05T14:39:16","slug":"datenschutzerklaerung","status":"publish","type":"page","link":"https:\/\/wohnanlage-eichtalpark.de\/?page_id=11","title":{"rendered":"Datenschutzerkl\u00e4rung"},"content":{"rendered":"\n<p>Der Schutz Ihrer Privatsph\u00e4re ist uns ein wichtiges Anliegen.<br>Deshalb m\u00f6chten wir Sie eindringlich bitten, die nachfolgende Zusammenfassung \u00fcber die Funktionsweise unserer Webseite&nbsp;<strong>www.wohnanlage-eichtalpark.de<\/strong>&nbsp;aufmerksam zu lesen.<br><br>Die hier aufgef\u00fchrte Datenschutzerkl\u00e4rung entspricht den Richtlinien der DSGVO und des BDSG. Sie soll \u00fcber die Art, den Zweck und die Verwendung personenbezogener Daten durch den Webseitenbetreiber&nbsp;<strong>Verein zur Pflege der Wohnanlage am Eichtalpark e.V.<\/strong>&nbsp;informieren. Gleichwohl unsere Seite mit verschieden Sicherheitsvorkehrungen ausgestattet ist, kann kein vollst\u00e4ndiger Schutz Ihrer Daten gew\u00e4hrleistet werden, da Sicherheitsl\u00fccken im Internet nicht ausgeschlossen werden k\u00f6nnen. Sollten Sie Anliegen bzgl. Ihrer Daten haben, finden Sie am Ende des Textes die entsprechenden Kontaktdaten unseres Ansprechpartners.<\/p>\n\n\n\n<p>Der Nutzung von im Rahmen der Impressumspflicht ver\u00f6ffentlichten Kontaktdaten durch Dritte zur \u00dcbersendung von nicht ausdr\u00fccklich angeforderter Werbung und Informationsmaterialien wird hiermit ausdr\u00fccklich widersprochen. Die Betreiber der Seiten behalten sich ausdr\u00fccklich rechtliche Schritte im Falle der unverlangten Zusendung von Werbeinformationen, etwa durch Spam-Mails, vor.<\/p>\n\n\n\n<h2 class=\"wp-block-heading\">Personenbezogene Daten<\/h2>\n\n\n\n<p>Auf unserer Webseite werden bei ihrer Nutzung keinerlei personenbezogenen Daten nach DSGVO gesammelt. F\u00fcr eine Kontaktaufnahme ist es m\u00f6glich, auf der Webseite unsere Email-Adresse anzuklicken. Dabei werden Sie lediglich zu Ihrem eigenen Email-Programm weitergeleitet. Wir weisen Sie darauf hin, dass Sie uns f\u00fcr eine erste Kontaktaufnahme nur Ihre Email-Adresse \u00fcbermitteln m\u00fcssen. Alle weiteren Angaben sind freiwillig. Diese Daten werden ohne Ihre ausdr\u00fcckliche Zustimmung nicht an Dritte weitergegeben. Diese Datenerhebung beruht auf Artikel 6 Abs. 1 b) DSGVO.<\/p>\n\n\n\n<h2 class=\"wp-block-heading\">Ihre Rechte<\/h2>\n\n\n\n<p>Selbstverst\u00e4ndlich haben Sie in Bezug auf die Erhebung Ihrer Daten Rechte. Laut geltendem Gesetz sind wir dazu verpflichtet, Sie \u00fcber dieselben aufzukl\u00e4ren. Die Inanspruchnahme und Durchf\u00fchrung dieser Rechte sind f\u00fcr Sie kostenlos.<\/p>\n\n\n\n<p><strong>Widerrufsrecht<\/strong><\/p>\n\n\n\n<p>Sie haben das Recht, Ihre Einwilligung bzgl. der Erhebung von Daten jederzeit zu widerrufen. Dieses Recht gilt mit Wirkung f\u00fcr die Zukunft; die bis zur Rechtkraft des Widerrufs erhobenen Daten bleiben hiervon unber\u00fchrt.<\/p>\n\n\n\n<p><strong>Recht auf Daten\u00fcbertragbarkeit<\/strong><\/p>\n\n\n\n<p>Sie haben das Recht, eine \u00dcbertragung Ihrer Daten von uns auf eine andere Stelle zu beantragen.<\/p>\n\n\n\n<p><strong>Auskunftsrecht<\/strong><\/p>\n\n\n\n<p>Sie haben das Recht, von uns eine Best\u00e4tigung zu verlangen, ob und wie wir personenbezogene Daten von Ihnen beziehen. Dieses Recht ist durch die vorliegende Datenschutzerkl\u00e4rung realisiert. Zus\u00e4tzlich k\u00f6nnen Sie eine elektronische Auskunft anfordern.<\/p>\n\n\n\n<p><strong>Recht auf Berichtigung, L\u00f6schung oder Sperrung<\/strong><\/p>\n\n\n\n<p>Sie haben das Recht, Ihre Daten berichtigen, l\u00f6schen oder sperren zu lassen. Letzteres kommt zur Anwendung, wenn die gesetzliche Lage eine L\u00f6schung nicht zul\u00e4sst.<\/p>\n\n\n\n<p><strong>Beschwerderecht<\/strong><\/p>\n\n\n\n<p>Sie haben das Recht, sich bei einer Aufsichtsbeh\u00f6rde bzw. einer zust\u00e4ndigen Stelle zu beschweren, insofern Sie einen Grund zur Beanstandung haben sollten. F\u00fcr die Inanspruchnahme dieses Rechts und der zwei vorher genannten wenden Sie die am Ende dieser Datenschutzerkl\u00e4rung aufgef\u00fchrten Kontaktpersonen.<\/p>\n\n\n\n<h2 class=\"wp-block-heading\">Verantwortlich f\u00fcr die Datenerhebung<\/h2>\n\n\n\n<p>Herr Kai Kracht<\/p>\n\n\n\n<p>Verein zur Pflege der Wohnanlage am Eichtalpark e.V.<br>Wichelmannweg 5<br>22041 Hamburg<br><a href=\"mailto:22041@gmx.de\">22041@gmx.de<\/a><\/p>\n\n\n\n<h2 class=\"wp-block-heading\">\u00c4nderung der Datenschutzerkl\u00e4rung<\/h2>\n\n\n\n<p>Wir als Verantwortliche behalten es uns vor, die Datenschutzerkl\u00e4rung jederzeit im Hinblick auf geltende Datenschutzvorschriften zu ver\u00e4ndern.&nbsp;<em>Derzeitiger Stand ist Mai 2018.<\/em><\/p>\n","protected":false},"excerpt":{"rendered":"<p>Der Schutz Ihrer Privatsph\u00e4re ist uns ein wichtiges Anliegen.Deshalb m\u00f6chten wir Sie eindringlich bitten, die nachfolgende Zusammenfassung \u00fcber die Funktionsweise unserer Webseite&nbsp;www.wohnanlage-eichtalpark.de&nbsp;aufmerksam zu lesen. Die hier aufgef\u00fchrte Datenschutzerkl\u00e4rung entspricht den Richtlinien der DSGVO und des BDSG. Sie soll \u00fcber die Art, den Zweck und die Verwendung personenbezogener Daten durch den Webseitenbetreiber&nbsp;Verein zur Pflege der Wohnanlage &hellip; <\/p>\n<p class=\"link-more\"><a href=\"https:\/\/wohnanlage-eichtalpark.de\/?page_id=11\" class=\"more-link\"><span class=\"screen-reader-text\">\u201eDatenschutzerkl\u00e4rung\u201c <\/span>weiterlesen<\/a><\/p>\n","protected":false},"author":2,"featured_media":0,"parent":0,"menu_order":0,"comment_status":"closed","ping_status":"closed","template":"","meta":{"footnotes":""},"class_list":["post-11","page","type-page","status-publish","hentry"],"aioseo_notices":[],"_links":{"self":[{"href":"https:\/\/wohnanlage-eichtalpark.de\/index.php?rest_route=\/wp\/v2\/pages\/11","targetHints":{"allow":["GET"]}}],"collection":[{"href":"https:\/\/wohnanlage-eichtalpark.de\/index.php?rest_route=\/wp\/v2\/pages"}],"about":[{"href":"https:\/\/wohnanlage-eichtalpark.de\/index.php?rest_route=\/wp\/v2\/types\/page"}],"author":[{"embeddable":true,"href":"https:\/\/wohnanlage-eichtalpark.de\/index.php?rest_route=\/wp\/v2\/users\/2"}],"replies":[{"embeddable":true,"href":"https:\/\/wohnanlage-eichtalpark.de\/index.php?rest_route=%2Fwp%2Fv2%2Fcomments&post=11"}],"version-history":[{"count":1,"href":"https:\/\/wohnanlage-eichtalpark.de\/index.php?rest_route=\/wp\/v2\/pages\/11\/revisions"}],"predecessor-version":[{"id":12,"href":"https:\/\/wohnanlage-eichtalpark.de\/index.php?rest_route=\/wp\/v2\/pages\/11\/revisions\/12"}],"wp:attachment":[{"href":"https:\/\/wohnanlage-eichtalpark.de\/index.php?rest_route=%2Fwp%2Fv2%2Fmedia&parent=11"}],"curies":[{"name":"wp","href":"https:\/\/api.w.org\/{rel}","templated":true}]}}