{"id":157,"date":"2020-12-09T15:18:04","date_gmt":"2020-12-09T15:18:04","guid":{"rendered":"https:\/\/wohnanlage-eichtalpark.de\/?page_id=157"},"modified":"2026-01-28T18:48:19","modified_gmt":"2026-01-28T18:48:19","slug":"membership-login","status":"publish","type":"page","link":"https:\/\/wohnanlage-eichtalpark.de\/?page_id=157","title":{"rendered":"Mitglieder Anmeldung"},"content":{"rendered":"\n<p><\/p>\n\n\n\n<p>Sie sind noch nicht Mitglied im Verein und m\u00f6chten es werden, hier gelangen Sie zum <a href=\"https:\/\/wohnanlage-eichtalpark.de\/wp-content\/uploads\/2025\/12\/Beitrittserklaerung_Verein-2025.pdf\" title=\"\">Anmeldeformular<\/a>.<\/p>\n\n\n\n<p>Mit dem Vereinsjahresbeitrag von z.Zt. 10\u20ac\/Jahr unterst\u00fctzen Sie vom Verein organisierte Veranstaltungen wie z.B. das Sommerfest oder das Ostereiersuchen f\u00fcr die Kleinen. Mitglieder k\u00f6nnen kostenlos die vom Verein angeschafften Partyzelte, -tische und -b\u00e4nke ausleihen. Auch diese Webseiten finanzieren sich \u00fcber diesen Beitrag. Und zu guter Letzt werden von den Mitgliedsbeitr\u00e4gen auch die Verwaltungskosten des Vereins gedeckt.<\/p>\n","protected":false},"excerpt":{"rendered":"<p>Sie sind noch nicht Mitglied im Verein und m\u00f6chten es werden, hier gelangen Sie zum Anmeldeformular. Mit dem Vereinsjahresbeitrag von z.Zt. 10\u20ac\/Jahr unterst\u00fctzen Sie vom Verein organisierte Veranstaltungen wie z.B. das Sommerfest oder das Ostereiersuchen f\u00fcr die Kleinen. Mitglieder k\u00f6nnen kostenlos die vom Verein angeschafften Partyzelte, -tische und -b\u00e4nke ausleihen. Auch diese Webseiten finanzieren sich &hellip; <\/p>\n<p class=\"link-more\"><a href=\"https:\/\/wohnanlage-eichtalpark.de\/?page_id=157\" class=\"more-link\"><span class=\"screen-reader-text\">\u201eMitglieder Anmeldung\u201c <\/span>weiterlesen<\/a><\/p>\n","protected":false},"author":2,"featured_media":0,"parent":0,"menu_order":0,"comment_status":"closed","ping_status":"closed","template":"","meta":{"footnotes":""},"class_list":["post-157","page","type-page","status-publish","hentry"],"aioseo_notices":[],"_links":{"self":[{"href":"https:\/\/wohnanlage-eichtalpark.de\/index.php?rest_route=\/wp\/v2\/pages\/157","targetHints":{"allow":["GET"]}}],"collection":[{"href":"https:\/\/wohnanlage-eichtalpark.de\/index.php?rest_route=\/wp\/v2\/pages"}],"about":[{"href":"https:\/\/wohnanlage-eichtalpark.de\/index.php?rest_route=\/wp\/v2\/types\/page"}],"author":[{"embeddable":true,"href":"https:\/\/wohnanlage-eichtalpark.de\/index.php?rest_route=\/wp\/v2\/users\/2"}],"replies":[{"embeddable":true,"href":"https:\/\/wohnanlage-eichtalpark.de\/index.php?rest_route=%2Fwp%2Fv2%2Fcomments&post=157"}],"version-history":[{"count":10,"href":"https:\/\/wohnanlage-eichtalpark.de\/index.php?rest_route=\/wp\/v2\/pages\/157\/revisions"}],"predecessor-version":[{"id":450,"href":"https:\/\/wohnanlage-eichtalpark.de\/index.php?rest_route=\/wp\/v2\/pages\/157\/revisions\/450"}],"wp:attachment":[{"href":"https:\/\/wohnanlage-eichtalpark.de\/index.php?rest_route=%2Fwp%2Fv2%2Fmedia&parent=157"}],"curies":[{"name":"wp","href":"https:\/\/api.w.org\/{rel}","templated":true}]}}