{"id":198,"date":"2021-01-30T13:18:13","date_gmt":"2021-01-30T13:18:13","guid":{"rendered":"https:\/\/wohnanlage-eichtalpark.de\/?page_id=198"},"modified":"2021-01-30T13:18:13","modified_gmt":"2021-01-30T13:18:13","slug":"hamburgisches-wegegesetz-hwg-siebenter-teil-wegereinigung","status":"publish","type":"page","link":"https:\/\/wohnanlage-eichtalpark.de\/?page_id=198","title":{"rendered":"Hamburgisches Wegegesetz (HWG), Siebenter Teil, Wegereinigung"},"content":{"rendered":"\n<p><strong>\u00a7 31 Winterdienst durch die Anliegerinnen und Anlieger<\/strong><\/p>\n\n\n\n<p>(1) Die Anliegerinnen und Anlieger sind verpflichtet, die Anlagen nach \u00a7 30 Absatz 1 mit Ausnahme der ausschlie\u00dflich dem Fahrradverkehr dienenden Fl\u00e4chen und der in \u00a7 29 Absatz 4 aufgef\u00fchrten Wegestrecken von Eis und Schnee in der f\u00fcr den Fu\u00dfg\u00e4ngerverkehr erforderlichen Breite, mindestens aber einen 1 m breiten Streifen zu reinigen. Auf Anlagen nach \u00a7 30 Absatz 1 Nummern 2 bis 4 ist auf jeder Seite des Weges au\u00dferhalb der f\u00fcr den ruhenden Verkehr bestimmten Fl\u00e4chen zu reinigen. Bei Eckgrundst\u00fccken ist bis an den Fahrbahnrand der kreuzenden oder einm\u00fcndenden Stra\u00dfe zu reinigen. Bei Grundst\u00fccken, vor denen sich ein Fu\u00dfg\u00e4nger\u00fcberweg oder eine signalisierte Fu\u00dfg\u00e4ngerfurt befindet, ist ein Streifen bis an den Fahrbahnrand zu reinigen. Treppen sind in voller Breite zu reinigen.<\/p>\n\n\n\n<p>(2) Bei Gl\u00e4tte ist mit abstumpfenden Mitteln, wenn notwendig wiederholt, zu streuen. Tausalz und tausalzhaltige Mittel d\u00fcrfen nicht verwendet werden. Der Senat kann durch Rechtsverordnung die Verwendung weiterer Streumittel, die sich auf die Wegebenutzerinnen und Wegebenutzer, den Wegek\u00f6rper oder auf Pflanzen, Boden oder Gew\u00e4sser sch\u00e4dlich auswirken k\u00f6nnen, untersagen. Im Hafengebiet kann die Wegeaufsichtsbeh\u00f6rde Ausnahmen von Satz 2 zulassen.<\/p>\n\n\n\n<p>(3) Schnee ist unverz\u00fcglich nach Beendigung des Schneefalls zu r\u00e4umen. Gl\u00e4tte ist sofort nach Eintritt abzustreuen; Eisbildungen, denen nicht ausreichend durch Streuen entgegengewirkt werden kann, sind zu beseitigen. Dauert der Schneefall \u00fcber 20 Uhr hinaus an oder tritt danach Schneefall, Eis oder Gl\u00e4tte auf, sind die Arbeiten bis 8.30 Uhr des folgenden Tages, an Sonn- und Feiertagen bis 9.30 Uhr, vorzunehmen.<\/p>\n\n\n\n<p>(4) Der Schnee ist auf dem Au\u00dfenrand der in Absatz 1 genannten Anlagen oder au\u00dferhalb der Treppen so anzuh\u00e4ufen, dass der Verkehr nicht behindert wird. Dabei sind Fu\u00dfg\u00e4nger\u00fcberg\u00e4nge, Radwege, Haltestellen der \u00f6ffentlichen Verkehrsmittel sowie Fl\u00e4chen f\u00fcr Abfallbeh\u00e4lter und Sperrm\u00fcll am Abfuhrtag in dem erforderlichen Umfang freizuhalten. Vor Hauseing\u00e4ngen, Einfahrten, Schaltschr\u00e4nken sowie an Beleuchtungs- und Lichtsignalmasten darf der Schnee nicht angeh\u00e4uft werden. \u00dcber den f\u00fcr Feuerl\u00f6schzwecke bestimmten Unterflurhydranten und anderen rotumrandeten Hinweisschildern im Bereich der Anlagen nach Absatz 1 ist der Schnee so zu beseitigen, dass diese Einrichtungen erkennbar bleiben.<\/p>\n\n\n\n<p>(5) Stra\u00dfenrinnen sind sp\u00e4testens bei Eintritt von Tauwetter von Schnee und Eis so freizumachen, dass Schmelzwasser ablaufen kann.<\/p>\n","protected":false},"excerpt":{"rendered":"<p>\u00a7 31 Winterdienst durch die Anliegerinnen und Anlieger (1) Die Anliegerinnen und Anlieger sind verpflichtet, die Anlagen nach \u00a7 30 Absatz 1 mit Ausnahme der ausschlie\u00dflich dem Fahrradverkehr dienenden Fl\u00e4chen und der in \u00a7 29 Absatz 4 aufgef\u00fchrten Wegestrecken von Eis und Schnee in der f\u00fcr den Fu\u00dfg\u00e4ngerverkehr erforderlichen Breite, mindestens aber einen 1 m &hellip; <\/p>\n<p class=\"link-more\"><a href=\"https:\/\/wohnanlage-eichtalpark.de\/?page_id=198\" class=\"more-link\"><span class=\"screen-reader-text\">\u201eHamburgisches Wegegesetz (HWG), Siebenter Teil, Wegereinigung\u201c <\/span>weiterlesen<\/a><\/p>\n","protected":false},"author":2,"featured_media":0,"parent":0,"menu_order":0,"comment_status":"closed","ping_status":"closed","template":"","meta":{"footnotes":""},"class_list":["post-198","page","type-page","status-publish","hentry"],"aioseo_notices":[],"_links":{"self":[{"href":"https:\/\/wohnanlage-eichtalpark.de\/index.php?rest_route=\/wp\/v2\/pages\/198","targetHints":{"allow":["GET"]}}],"collection":[{"href":"https:\/\/wohnanlage-eichtalpark.de\/index.php?rest_route=\/wp\/v2\/pages"}],"about":[{"href":"https:\/\/wohnanlage-eichtalpark.de\/index.php?rest_route=\/wp\/v2\/types\/page"}],"author":[{"embeddable":true,"href":"https:\/\/wohnanlage-eichtalpark.de\/index.php?rest_route=\/wp\/v2\/users\/2"}],"replies":[{"embeddable":true,"href":"https:\/\/wohnanlage-eichtalpark.de\/index.php?rest_route=%2Fwp%2Fv2%2Fcomments&post=198"}],"version-history":[{"count":1,"href":"https:\/\/wohnanlage-eichtalpark.de\/index.php?rest_route=\/wp\/v2\/pages\/198\/revisions"}],"predecessor-version":[{"id":199,"href":"https:\/\/wohnanlage-eichtalpark.de\/index.php?rest_route=\/wp\/v2\/pages\/198\/revisions\/199"}],"wp:attachment":[{"href":"https:\/\/wohnanlage-eichtalpark.de\/index.php?rest_route=%2Fwp%2Fv2%2Fmedia&parent=198"}],"curies":[{"name":"wp","href":"https:\/\/api.w.org\/{rel}","templated":true}]}}