{"id":9,"date":"2020-07-05T14:37:22","date_gmt":"2020-07-05T14:37:22","guid":{"rendered":"http:\/\/wohnanlage-eichtalpark.de\/?page_id=9"},"modified":"2020-07-06T05:10:15","modified_gmt":"2020-07-06T05:10:15","slug":"impressum","status":"publish","type":"page","link":"https:\/\/wohnanlage-eichtalpark.de\/?page_id=9","title":{"rendered":"Impressum"},"content":{"rendered":"\n<p>Verein zur Pflege der Wohnanlage am Eichtalpark e.V.<br>Wichelmannweg 5<br>22041 Hamburg<\/p>\n\n\n\n<p>Amtsgericht Hamburg \u2013 Vereinsregister Nummer 11205<\/p>\n\n\n\n<p>Vertreten durch<\/p>\n\n\n\n<p>Kai Kracht (1. Vorstandsvorsitzender)<\/p>\n\n\n\n<p>Kontakt<\/p>\n\n\n\n<p>Wir freuen uns jederzeit auf Ihre Fragen und Anregungen zu unserer Arbeit. Sie k\u00f6nnen uns hier pers\u00f6nlich erreichen:<\/p>\n\n\n\n<p>Nachbarschaftstelefon 0151\/187 509 78<\/p>\n\n\n\n<p>Nachbarschaftsmail 22041@gmx.de<\/p>\n\n\n\n<p><strong>Haftung f\u00fcr Inhalte<\/strong><\/p>\n\n\n\n<p>Die Inhalte unserer Seiten wurden mit gr\u00f6\u00dfter Sorgfalt erstellt. F\u00fcr den Inhalt des Internetauftritts ist allein der o.a. Verein zust\u00e4ndig. Der Inhaber bem\u00fcht sich, sein Internetangebot aktuell, korrekt und vollst\u00e4ndig zu halten. Dessen ungeachtet kann eine Garantie f\u00fcr die Vollst\u00e4ndigkeit, Richtigkeit und letzte Aktualit\u00e4t der Angaben nicht \u00fcbernommen werden. Daher kann der Inhaber keinerlei Verantwortung oder Haftung weder auf den redaktionellen Inhalt noch f\u00fcr die angebotenen Leistungen auf dieser Website \u00fcbernehmen. Bei den bereitgestellten Informationen handelt es sich um solche allgemeiner Art, die nicht auf die Bed\u00fcrfnisse bestimmter Personen oder Unternehmen zugeschnitten sind. Insbesondere soll durch sie keine rechtliche Beratung erfolgen. Trotz sorgf\u00e4ltiger inhaltlicher Kontrolle \u00fcbernehmen wir keine Haftung f\u00fcr die Inhalte externer Links. F\u00fcr den Inhalt der verlinkten Seiten sind ausschlie\u00dflich deren Betreiber verantwortlich. Dies gilt ebenfalls f\u00fcr die Websites anderer.<\/p>\n\n\n\n<p><strong>Haftung f\u00fcr Links<\/strong><\/p>\n\n\n\n<p>Unser Angebot enth\u00e4lt Links zu externen Webseiten Dritter, auf deren Inhalte wir keinen Einfluss haben. Deshalb k\u00f6nnen wir f\u00fcr diese fremden Inhalte auch keine Gew\u00e4hr \u00fcbernehmen. F\u00fcr die Inhalte der verlinkten Seiten ist stets der jeweilige Anbieter oder Betreiber der Seiten verantwortlich. Die verlinkten Seiten wurden zum Zeitpunkt der Verlinkung auf m\u00f6gliche Rechtsverst\u00f6\u00dfe \u00fcberpr\u00fcft. Rechtswidrige Inhalte waren zum Zeitpunkt der Verlinkung nicht erkennbar. Eine permanente inhaltliche Kontrolle der verlinkten Seiten ist jedoch ohne konkrete Anhaltspunkte einer Rechtsverletzung nicht zumutbar. Bei Bekanntwerden von Rechtsverletzungen werden wir derartige Links umgehend entfernen.<\/p>\n\n\n\n<p><strong>Urheberrecht<\/strong><\/p>\n\n\n\n<p>Die durch die Seitenbetreiber erstellten Inhalte und Werke auf diesen Seiten unterliegen dem deutschen Urheberrecht. Die Vervielf\u00e4ltigung, Bearbeitung, Verbreitung und jede Art der Verwertung au\u00dferhalb der Grenzen des Urheberrechtes bed\u00fcrfen der schriftlichen Zustimmung des jeweiligen Autors bzw. Erstellers. Downloads und Kopien dieser Seite sind nur f\u00fcr den privaten, nicht kommerziellen Gebrauch gestattet. Soweit die Inhalte auf dieser Seite nicht vom Betreiber erstellt wurden, werden die Urheberrechte Dritter beachtet. Insbesondere werden Inhalte Dritter als solche gekennzeichnet. Sollten Sie trotzdem auf eine Urheberrechtsverletzung aufmerksam werden, bitten wir um einen entsprechenden Hinweis. Bei Bekanntwerden von Rechtsverletzungen werden wir derartige Inhalte umgehend entfernen.<\/p>\n","protected":false},"excerpt":{"rendered":"<p>Verein zur Pflege der Wohnanlage am Eichtalpark e.V.Wichelmannweg 522041 Hamburg Amtsgericht Hamburg \u2013 Vereinsregister Nummer 11205 Vertreten durch Kai Kracht (1. Vorstandsvorsitzender) Kontakt Wir freuen uns jederzeit auf Ihre Fragen und Anregungen zu unserer Arbeit. Sie k\u00f6nnen uns hier pers\u00f6nlich erreichen: Nachbarschaftstelefon 0151\/187 509 78 Nachbarschaftsmail 22041@gmx.de Haftung f\u00fcr Inhalte Die Inhalte unserer Seiten wurden &hellip; <\/p>\n<p class=\"link-more\"><a href=\"https:\/\/wohnanlage-eichtalpark.de\/?page_id=9\" class=\"more-link\"><span class=\"screen-reader-text\">\u201eImpressum\u201c <\/span>weiterlesen<\/a><\/p>\n","protected":false},"author":2,"featured_media":0,"parent":0,"menu_order":0,"comment_status":"closed","ping_status":"closed","template":"","meta":{"footnotes":""},"class_list":["post-9","page","type-page","status-publish","hentry"],"aioseo_notices":[],"_links":{"self":[{"href":"https:\/\/wohnanlage-eichtalpark.de\/index.php?rest_route=\/wp\/v2\/pages\/9","targetHints":{"allow":["GET"]}}],"collection":[{"href":"https:\/\/wohnanlage-eichtalpark.de\/index.php?rest_route=\/wp\/v2\/pages"}],"about":[{"href":"https:\/\/wohnanlage-eichtalpark.de\/index.php?rest_route=\/wp\/v2\/types\/page"}],"author":[{"embeddable":true,"href":"https:\/\/wohnanlage-eichtalpark.de\/index.php?rest_route=\/wp\/v2\/users\/2"}],"replies":[{"embeddable":true,"href":"https:\/\/wohnanlage-eichtalpark.de\/index.php?rest_route=%2Fwp%2Fv2%2Fcomments&post=9"}],"version-history":[{"count":2,"href":"https:\/\/wohnanlage-eichtalpark.de\/index.php?rest_route=\/wp\/v2\/pages\/9\/revisions"}],"predecessor-version":[{"id":48,"href":"https:\/\/wohnanlage-eichtalpark.de\/index.php?rest_route=\/wp\/v2\/pages\/9\/revisions\/48"}],"wp:attachment":[{"href":"https:\/\/wohnanlage-eichtalpark.de\/index.php?rest_route=%2Fwp%2Fv2%2Fmedia&parent=9"}],"curies":[{"name":"wp","href":"https:\/\/api.w.org\/{rel}","templated":true}]}}